{"id":82,"date":"2020-08-28T17:13:56","date_gmt":"2020-08-28T17:13:56","guid":{"rendered":"http:\/\/dsclique.com.br\/ricatec\/?page_id=82"},"modified":"2020-09-04T14:22:24","modified_gmt":"2020-09-04T14:22:24","slug":"telecomunicacoesseguranca","status":"publish","type":"page","link":"https:\/\/ricatec.com.br\/index.php\/telecomunicacoesseguranca\/","title":{"rendered":"Telecomunica\u00e7\u00f5es e Seguran\u00e7a"},"content":{"rendered":"","protected":false},"excerpt":{"rendered":"","protected":false},"author":1,"featured_media":203,"parent":0,"menu_order":0,"comment_status":"open","ping_status":"closed","template":"","meta":[],"_links":{"self":[{"href":"https:\/\/ricatec.com.br\/index.php\/wp-json\/wp\/v2\/pages\/82"}],"collection":[{"href":"https:\/\/ricatec.com.br\/index.php\/wp-json\/wp\/v2\/pages"}],"about":[{"href":"https:\/\/ricatec.com.br\/index.php\/wp-json\/wp\/v2\/types\/page"}],"author":[{"embeddable":true,"href":"https:\/\/ricatec.com.br\/index.php\/wp-json\/wp\/v2\/users\/1"}],"replies":[{"embeddable":true,"href":"https:\/\/ricatec.com.br\/index.php\/wp-json\/wp\/v2\/comments?post=82"}],"version-history":[{"count":2,"href":"https:\/\/ricatec.com.br\/index.php\/wp-json\/wp\/v2\/pages\/82\/revisions"}],"predecessor-version":[{"id":99,"href":"https:\/\/ricatec.com.br\/index.php\/wp-json\/wp\/v2\/pages\/82\/revisions\/99"}],"wp:featuredmedia":[{"embeddable":true,"href":"https:\/\/ricatec.com.br\/index.php\/wp-json\/wp\/v2\/media\/203"}],"wp:attachment":[{"href":"https:\/\/ricatec.com.br\/index.php\/wp-json\/wp\/v2\/media?parent=82"}],"curies":[{"name":"wp","href":"https:\/\/api.w.org\/{rel}","templated":true}]}}